{"id":27625,"date":"2022-05-19T18:23:57","date_gmt":"2022-05-19T15:23:57","guid":{"rendered":"http:\/\/13.56.220.184\/?page_id=2868"},"modified":"2025-12-11T09:28:16","modified_gmt":"2025-12-11T06:28:16","slug":"confirmation-page","status":"publish","type":"page","link":"https:\/\/www.linkedhelper.com\/blog\/de\/confirmation-page\/","title":{"rendered":"Best\u00e4tigungsseite"},"content":{"rendered":"\n<p class=\"has-text-align-left has-medium-font-size\">Ja, wir haben Sie zu unserer E-Mail-Liste hinzugef\u00fcgt.<br>Sie werden in K\u00fcrze von uns h\u00f6ren.<\/p>\n","protected":false},"excerpt":{"rendered":"<p>Ja, wir haben Sie zu unserer E-Mail-Liste hinzugef\u00fcgt.Sie werden in K\u00fcrze von uns h\u00f6ren.<\/p>\n","protected":false},"author":14,"featured_media":0,"parent":0,"menu_order":0,"comment_status":"closed","ping_status":"closed","template":"","meta":{"site-sidebar-layout":"default","site-content-layout":"default","ast-global-header-display":"","ast-banner-title-visibility":"","ast-main-header-display":"","ast-hfb-above-header-display":"","ast-hfb-below-header-display":"","ast-hfb-mobile-header-display":"","site-post-title":"","ast-breadcrumbs-content":"","ast-featured-img":"","footer-sml-layout":"","theme-transparent-header-meta":"","adv-header-id-meta":"","stick-header-meta":"","header-above-stick-meta":"","header-main-stick-meta":"","header-below-stick-meta":"","_themeisle_gutenberg_block_has_review":false,"footnotes":""},"class_list":["post-27625","page","type-page","status-publish","hentry"],"aioseo_notices":[],"lang":"de","translations":{"de":27625,"en":2868,"fr":27623,"pt":27624,"es":27626},"pll_sync_post":[],"_links":{"self":[{"href":"https:\/\/www.linkedhelper.com\/blog\/wp-json\/wp\/v2\/pages\/27625","targetHints":{"allow":["GET"]}}],"collection":[{"href":"https:\/\/www.linkedhelper.com\/blog\/wp-json\/wp\/v2\/pages"}],"about":[{"href":"https:\/\/www.linkedhelper.com\/blog\/wp-json\/wp\/v2\/types\/page"}],"author":[{"embeddable":true,"href":"https:\/\/www.linkedhelper.com\/blog\/wp-json\/wp\/v2\/users\/14"}],"replies":[{"embeddable":true,"href":"https:\/\/www.linkedhelper.com\/blog\/wp-json\/wp\/v2\/comments?post=27625"}],"version-history":[{"count":1,"href":"https:\/\/www.linkedhelper.com\/blog\/wp-json\/wp\/v2\/pages\/27625\/revisions"}],"predecessor-version":[{"id":27685,"href":"https:\/\/www.linkedhelper.com\/blog\/wp-json\/wp\/v2\/pages\/27625\/revisions\/27685"}],"wp:attachment":[{"href":"https:\/\/www.linkedhelper.com\/blog\/wp-json\/wp\/v2\/media?parent=27625"}],"curies":[{"name":"wp","href":"https:\/\/api.w.org\/{rel}","templated":true}]}}