{"id":27648,"date":"2022-05-19T20:31:09","date_gmt":"2022-05-19T17:31:09","guid":{"rendered":"http:\/\/13.56.220.184\/?page_id=2889"},"modified":"2025-12-11T09:19:18","modified_gmt":"2025-12-11T06:19:18","slug":"unsubscribed-page","status":"publish","type":"page","link":"https:\/\/www.linkedhelper.com\/blog\/pt\/unsubscribed-page\/","title":{"rendered":"P\u00e1gina de cancelamento de inscri\u00e7\u00e3o"},"content":{"rendered":"<p>[mailpoet_page]<\/p>\n","protected":false},"excerpt":{"rendered":"","protected":false},"author":14,"featured_media":0,"parent":0,"menu_order":0,"comment_status":"closed","ping_status":"closed","template":"","meta":{"site-sidebar-layout":"default","site-content-layout":"default","ast-global-header-display":"","ast-banner-title-visibility":"","ast-main-header-display":"","ast-hfb-above-header-display":"","ast-hfb-below-header-display":"","ast-hfb-mobile-header-display":"","site-post-title":"","ast-breadcrumbs-content":"","ast-featured-img":"","footer-sml-layout":"","theme-transparent-header-meta":"","adv-header-id-meta":"","stick-header-meta":"","header-above-stick-meta":"","header-main-stick-meta":"","header-below-stick-meta":"","_themeisle_gutenberg_block_has_review":false,"footnotes":""},"class_list":["post-27648","page","type-page","status-publish","hentry"],"aioseo_notices":[],"lang":"pt","translations":{"pt":27648,"en":2889,"fr":27647,"de":27649,"es":27650},"pll_sync_post":[],"_links":{"self":[{"href":"https:\/\/www.linkedhelper.com\/blog\/wp-json\/wp\/v2\/pages\/27648","targetHints":{"allow":["GET"]}}],"collection":[{"href":"https:\/\/www.linkedhelper.com\/blog\/wp-json\/wp\/v2\/pages"}],"about":[{"href":"https:\/\/www.linkedhelper.com\/blog\/wp-json\/wp\/v2\/types\/page"}],"author":[{"embeddable":true,"href":"https:\/\/www.linkedhelper.com\/blog\/wp-json\/wp\/v2\/users\/14"}],"replies":[{"embeddable":true,"href":"https:\/\/www.linkedhelper.com\/blog\/wp-json\/wp\/v2\/comments?post=27648"}],"version-history":[{"count":1,"href":"https:\/\/www.linkedhelper.com\/blog\/wp-json\/wp\/v2\/pages\/27648\/revisions"}],"predecessor-version":[{"id":27676,"href":"https:\/\/www.linkedhelper.com\/blog\/wp-json\/wp\/v2\/pages\/27648\/revisions\/27676"}],"wp:attachment":[{"href":"https:\/\/www.linkedhelper.com\/blog\/wp-json\/wp\/v2\/media?parent=27648"}],"curies":[{"name":"wp","href":"https:\/\/api.w.org\/{rel}","templated":true}]}}