{"id":27651,"date":"2022-08-25T22:23:52","date_gmt":"2022-08-25T19:23:52","guid":{"rendered":"https:\/\/www.linkedhelper.com\/blog\/?page_id=6528"},"modified":"2025-12-11T09:10:53","modified_gmt":"2025-12-11T06:10:53","slug":"write-to-us","status":"publish","type":"page","link":"https:\/\/www.linkedhelper.com\/blog\/fr\/write-to-us\/","title":{"rendered":"Nous attirons du contenu utile sur notre blog"},"content":{"rendered":"\n<h2 class=\"wp-block-heading\"><strong>Quels sujets acceptons-nous :<\/strong><\/h2>\n\n\n\n<ul class=\"wp-block-list\">\n<li>L&#8217;exp\u00e9rience d\u00e9crite de l&#8217;utilisation du programme Linked Helper et comment il a aid\u00e9 \u00e0 r\u00e9soudre un probl\u00e8me commercial.<\/li>\n\n\n\n<li>Des conseils de g\u00e9n\u00e9ration de leads sur LinkedIn avec une description de votre propre exp\u00e9rience.<\/li>\n\n\n\n<li>Comment promouvoir un groupe ou une page d&#8217;entreprise sur LinkedIn.<\/li>\n\n\n\n<li>Comment construire le marketing via LinkedIn.<\/li>\n\n\n\n<li>Tout sur LinkedIn Ads.<\/li>\n\n\n\n<li>Exp\u00e9rience avec les plateformes LinkedIn Sales Navigator, LinkedIn Recruiter et LinkedIn Business.<\/li>\n<\/ul>\n\n\n\n<h2 class=\"wp-block-heading\"><strong>Quelle longueur de texte ?<\/strong><\/h2>\n\n\n\n<p><\/p>\n\n\n\n<p>Articles de 1500 \u00e0 2000 mots.<\/p>\n\n\n\n<h2 class=\"wp-block-heading\"><strong>Quels liens ins\u00e9rons-nous ?<\/strong><\/h2>\n\n\n\n<ul class=\"wp-block-list\">\n<li>Nous publions gratuitement des articles avec des liens nofollow (1 lien par article).<\/li>\n\n\n\n<li>Il est possible de publier un article avec 1 lien dofollow sur une base r\u00e9ciproque. Cependant, le sujet de l&#8217;article, dans ce cas, doit \u00eatre discut\u00e9 plus en d\u00e9tail avec nous &#8211; pour cela, \u00e9crivez \u00e0 <a href=\"mailto:info@linkedhelper.com\" title=\"\">info@linkedhelper.com<\/a> avec la note \u00ab write to blog \u00bb dans le titre. Lisez les d\u00e9tails ci-dessous. <\/li>\n<\/ul>\n\n\n\n<h2 class=\"wp-block-heading\"><strong>Disponibilit\u00e9 des images ?<\/strong><\/h2>\n\n\n\n<p><\/p>\n\n\n\n<p>Oui, nous pla\u00e7ons des images dans le texte. Toutefois, il ne doit pas s&#8217;agir d&#8217;images de stock. Nous serons ravis de recevoir des infographies pr\u00e9par\u00e9es \u00e0 l&#8217;avance.<\/p>\n\n\n\n<h2 class=\"wp-block-heading\"><strong>Quelles sont les conditions pour un placement gratuit &#8211; le programme \u00ab Barter \u00bb<\/strong><\/h2>\n\n\n\n<p><\/p>\n\n\n\n<p>Nous sommes pr\u00eats \u00e0 placer votre article gratuitement avec un lien dofollow, si en \u00e9change vous placez un lien dofollow vers notre site sur votre site (dans un blog ou sur des pages internes) \u00e0 un endroit pertinent par rapport au sujet. Nous pouvons \u00e9galement ins\u00e9rer votre lien dans un article d\u00e9j\u00e0 existant sur notre blog.<\/p>\n\n\n\n<h2 class=\"wp-block-heading\"><strong>Un tel placement est possible si :<\/strong><\/h2>\n\n\n\n<ul class=\"wp-block-list\">\n<li>votre site a un DR40+,<\/li>\n\n\n\n<li>votre site n&#8217;est pas sous le coup de sanctions,<\/li>\n\n\n\n<li>vous avez un trafic organique \u00ab vivant \u00bb,<\/li>\n\n\n\n<li>votre profil de liens est stable et ne pr\u00e9sente pas de creux prononc\u00e9s sur le graphique,<\/li>\n\n\n\n<li>le trafic principal de votre site provient des \u00c9tats-Unis, d&#8217;Europe et d&#8217;Am\u00e9rique latine,<\/li>\n\n\n\n<li>vous pr\u00e9parez l&#8217;article conform\u00e9ment au SLA ci-dessus.<br><\/li>\n<\/ul>\n\n\n\n<p>Pour discuter du placement Barter, \u00e9crivez \u00e0 <a href=\"mailto:info@linkedhelper.com\">info@linkedhelper.com<\/a> avec \u00ab write to blog \u00bb dans le titre.<\/p>\n","protected":false},"excerpt":{"rendered":"<p>Quels sujets acceptons-nous : Quelle longueur de texte ? Articles de 1500 \u00e0 2000 mots. Quels liens ins\u00e9rons-nous ? Disponibilit\u00e9 des images ? Oui, nous pla\u00e7ons des images dans le texte. Toutefois, il ne doit pas s&#8217;agir d&#8217;images de stock. Nous serons ravis de recevoir des infographies pr\u00e9par\u00e9es \u00e0 l&#8217;avance. Quelles sont les conditions pour &hellip;<\/p>\n<p class=\"read-more\"> <a class=\"\" href=\"https:\/\/www.linkedhelper.com\/blog\/fr\/write-to-us\/\"> <span class=\"screen-reader-text\">Nous attirons du contenu utile sur notre blog<\/span> Read More \u00bb<\/a><\/p>\n","protected":false},"author":14,"featured_media":0,"parent":0,"menu_order":0,"comment_status":"closed","ping_status":"closed","template":"","meta":{"site-sidebar-layout":"default","site-content-layout":"default","ast-global-header-display":"","ast-banner-title-visibility":"","ast-main-header-display":"","ast-hfb-above-header-display":"","ast-hfb-below-header-display":"","ast-hfb-mobile-header-display":"","site-post-title":"","ast-breadcrumbs-content":"","ast-featured-img":"","footer-sml-layout":"","theme-transparent-header-meta":"","adv-header-id-meta":"","stick-header-meta":"","header-above-stick-meta":"","header-main-stick-meta":"","header-below-stick-meta":"","_themeisle_gutenberg_block_has_review":false,"footnotes":""},"class_list":["post-27651","page","type-page","status-publish","hentry"],"aioseo_notices":[],"lang":"fr","translations":{"fr":27651,"en":6528,"pt":27652,"de":27653,"es":27654},"pll_sync_post":[],"_links":{"self":[{"href":"https:\/\/www.linkedhelper.com\/blog\/wp-json\/wp\/v2\/pages\/27651","targetHints":{"allow":["GET"]}}],"collection":[{"href":"https:\/\/www.linkedhelper.com\/blog\/wp-json\/wp\/v2\/pages"}],"about":[{"href":"https:\/\/www.linkedhelper.com\/blog\/wp-json\/wp\/v2\/types\/page"}],"author":[{"embeddable":true,"href":"https:\/\/www.linkedhelper.com\/blog\/wp-json\/wp\/v2\/users\/14"}],"replies":[{"embeddable":true,"href":"https:\/\/www.linkedhelper.com\/blog\/wp-json\/wp\/v2\/comments?post=27651"}],"version-history":[{"count":1,"href":"https:\/\/www.linkedhelper.com\/blog\/wp-json\/wp\/v2\/pages\/27651\/revisions"}],"predecessor-version":[{"id":27667,"href":"https:\/\/www.linkedhelper.com\/blog\/wp-json\/wp\/v2\/pages\/27651\/revisions\/27667"}],"wp:attachment":[{"href":"https:\/\/www.linkedhelper.com\/blog\/wp-json\/wp\/v2\/media?parent=27651"}],"curies":[{"name":"wp","href":"https:\/\/api.w.org\/{rel}","templated":true}]}}