{"id":27652,"date":"2022-08-25T22:23:52","date_gmt":"2022-08-25T19:23:52","guid":{"rendered":"https:\/\/www.linkedhelper.com\/blog\/?page_id=6528"},"modified":"2025-12-11T09:11:57","modified_gmt":"2025-12-11T06:11:57","slug":"write-to-us","status":"publish","type":"page","link":"https:\/\/www.linkedhelper.com\/blog\/pt\/write-to-us\/","title":{"rendered":"Atra\u00edmos conte\u00fado \u00fatil para o nosso blog"},"content":{"rendered":"\n<h2 class=\"wp-block-heading\"><strong>Que t\u00f3picos aceitamos:<\/strong><\/h2>\n\n\n\n<ul class=\"wp-block-list\">\n<li>A experi\u00eancia descrita de usar o programa Linked Helper e como ele ajudou a resolver o problema de neg\u00f3cios.<\/li>\n\n\n\n<li>Dicas de gera\u00e7\u00e3o de leads no LinkedIn com uma descri\u00e7\u00e3o da sua pr\u00f3pria experi\u00eancia.<\/li>\n\n\n\n<li>Como promover um grupo ou uma p\u00e1gina de empresa no LinkedIn.<\/li>\n\n\n\n<li>Como criar marketing atrav\u00e9s do LinkedIn.<\/li>\n\n\n\n<li>Tudo sobre LinkedIn Ads.<\/li>\n\n\n\n<li>Experi\u00eancia com as plataformas LinkedIn Sales Navigator, LinkedIn Recruiter e LinkedIn Business.<\/li>\n<\/ul>\n\n\n\n<h2 class=\"wp-block-heading\"><strong>Quanto texto?<\/strong><\/h2>\n\n\n\n<p><\/p>\n\n\n\n<p>Artigos de 1500-2000 palavras.<\/p>\n\n\n\n<h2 class=\"wp-block-heading\"><strong>Que links inserimos?<\/strong><\/h2>\n\n\n\n<ul class=\"wp-block-list\">\n<li>Publicamos artigos com links nofollow gratuitamente (1 link por artigo).<\/li>\n\n\n\n<li>\u00c9 poss\u00edvel publicar um artigo com 1 link dofollow numa base m\u00fatua. No entanto, o t\u00f3pico do artigo, neste caso, deve ser discutido conosco com mais detalhes &#8211; para isso, escreva para <a href=\"mailto:info@linkedhelper.com\" title=\"\">info@linkedhelper.com<\/a> com a nota \u201cwrite to blog\u201d no t\u00edtulo. Leia os detalhes abaixo. <\/li>\n<\/ul>\n\n\n\n<h2 class=\"wp-block-heading\"><strong>Disponibilidade de imagens?<\/strong><\/h2>\n\n\n\n<p><\/p>\n\n\n\n<p>Sim, colocamos imagens no texto. No entanto, estas n\u00e3o devem ser imagens de arquivo (stock images). Teremos todo o gosto em receber infogr\u00e1ficos preparados previamente.<\/p>\n\n\n\n<h2 class=\"wp-block-heading\"><strong>Quais s\u00e3o as condi\u00e7\u00f5es para coloca\u00e7\u00e3o gratuita &#8211; o programa de &#8220;Permuta&#8221;<\/strong><\/h2>\n\n\n\n<p><\/p>\n\n\n\n<p>Estamos prontos para publicar o seu artigo gratuitamente com um link dofollow, se, em troca, colocar um link dofollow para o nosso site no seu site (num blog ou em p\u00e1ginas internas) num local que seja relevante para o t\u00f3pico. Tamb\u00e9m podemos inserir o seu link num artigo j\u00e1 existente no nosso blog.<\/p>\n\n\n\n<h2 class=\"wp-block-heading\"><strong>Tal coloca\u00e7\u00e3o \u00e9 poss\u00edvel se:<\/strong><\/h2>\n\n\n\n<ul class=\"wp-block-list\">\n<li>o seu site tiver DR40+,<\/li>\n\n\n\n<li>o seu site n\u00e3o estiver sob san\u00e7\u00f5es,<\/li>\n\n\n\n<li>tiver tr\u00e1fego org\u00e2nico &#8220;ativo&#8221;,<\/li>\n\n\n\n<li>o seu perfil de links for est\u00e1vel e n\u00e3o tiver quedas acentuadas no gr\u00e1fico,<\/li>\n\n\n\n<li>o seu site tiver o tr\u00e1fego principal proveniente dos EUA, Europa, Am\u00e9rica Latina,<\/li>\n\n\n\n<li>preparar o artigo de acordo com o SLA acima.<br><\/li>\n<\/ul>\n\n\n\n<p>Para discutir a coloca\u00e7\u00e3o por Permuta, escreva para <a href=\"mailto:info@linkedhelper.com\">info@linkedhelper.com<\/a> com \u201cwrite to blog\u201d no t\u00edtulo.<\/p>\n","protected":false},"excerpt":{"rendered":"<p>Que t\u00f3picos aceitamos: Quanto texto? Artigos de 1500-2000 palavras. Que links inserimos? Disponibilidade de imagens? Sim, colocamos imagens no texto. No entanto, estas n\u00e3o devem ser imagens de arquivo (stock images). Teremos todo o gosto em receber infogr\u00e1ficos preparados previamente. Quais s\u00e3o as condi\u00e7\u00f5es para coloca\u00e7\u00e3o gratuita &#8211; o programa de &#8220;Permuta&#8221; Estamos prontos para &hellip;<\/p>\n<p class=\"read-more\"> <a class=\"\" href=\"https:\/\/www.linkedhelper.com\/blog\/pt\/write-to-us\/\"> <span class=\"screen-reader-text\">Atra\u00edmos conte\u00fado \u00fatil para o nosso blog<\/span> Read More \u00bb<\/a><\/p>\n","protected":false},"author":14,"featured_media":0,"parent":0,"menu_order":0,"comment_status":"closed","ping_status":"closed","template":"","meta":{"site-sidebar-layout":"default","site-content-layout":"default","ast-global-header-display":"","ast-banner-title-visibility":"","ast-main-header-display":"","ast-hfb-above-header-display":"","ast-hfb-below-header-display":"","ast-hfb-mobile-header-display":"","site-post-title":"","ast-breadcrumbs-content":"","ast-featured-img":"","footer-sml-layout":"","theme-transparent-header-meta":"","adv-header-id-meta":"","stick-header-meta":"","header-above-stick-meta":"","header-main-stick-meta":"","header-below-stick-meta":"","_themeisle_gutenberg_block_has_review":false,"footnotes":""},"class_list":["post-27652","page","type-page","status-publish","hentry"],"aioseo_notices":[],"lang":"pt","translations":{"pt":27652,"en":6528,"fr":27651,"de":27653,"es":27654},"pll_sync_post":[],"_links":{"self":[{"href":"https:\/\/www.linkedhelper.com\/blog\/wp-json\/wp\/v2\/pages\/27652","targetHints":{"allow":["GET"]}}],"collection":[{"href":"https:\/\/www.linkedhelper.com\/blog\/wp-json\/wp\/v2\/pages"}],"about":[{"href":"https:\/\/www.linkedhelper.com\/blog\/wp-json\/wp\/v2\/types\/page"}],"author":[{"embeddable":true,"href":"https:\/\/www.linkedhelper.com\/blog\/wp-json\/wp\/v2\/users\/14"}],"replies":[{"embeddable":true,"href":"https:\/\/www.linkedhelper.com\/blog\/wp-json\/wp\/v2\/comments?post=27652"}],"version-history":[{"count":1,"href":"https:\/\/www.linkedhelper.com\/blog\/wp-json\/wp\/v2\/pages\/27652\/revisions"}],"predecessor-version":[{"id":27668,"href":"https:\/\/www.linkedhelper.com\/blog\/wp-json\/wp\/v2\/pages\/27652\/revisions\/27668"}],"wp:attachment":[{"href":"https:\/\/www.linkedhelper.com\/blog\/wp-json\/wp\/v2\/media?parent=27652"}],"curies":[{"name":"wp","href":"https:\/\/api.w.org\/{rel}","templated":true}]}}