{"id":27654,"date":"2022-08-25T22:23:52","date_gmt":"2022-08-25T19:23:52","guid":{"rendered":"https:\/\/www.linkedhelper.com\/blog\/?page_id=6528"},"modified":"2025-12-11T09:13:51","modified_gmt":"2025-12-11T06:13:51","slug":"write-to-us","status":"publish","type":"page","link":"https:\/\/www.linkedhelper.com\/blog\/es\/write-to-us\/","title":{"rendered":"Atraemos contenido \u00fatil a nuestro blog"},"content":{"rendered":"\n<h2 class=\"wp-block-heading\"><strong>\u00bfQu\u00e9 temas aceptamos?<\/strong><\/h2>\n\n\n\n<ul class=\"wp-block-list\">\n<li>La experiencia descrita sobre el uso del programa Linked Helper y c\u00f3mo ayud\u00f3 a resolver el problema empresarial.<\/li>\n\n\n\n<li>Consejos de generaci\u00f3n de clientes potenciales en LinkedIn con una descripci\u00f3n de su propia experiencia.<\/li>\n\n\n\n<li>C\u00f3mo promocionar un grupo o una p\u00e1gina de empresa en LinkedIn.<\/li>\n\n\n\n<li>C\u00f3mo construir marketing a trav\u00e9s de LinkedIn.<\/li>\n\n\n\n<li>Todo sobre LinkedIn Ads.<\/li>\n\n\n\n<li>Experiencia con las plataformas LinkedIn Sales Navigator, LinkedIn Recruiter y LinkedIn Business.<\/li>\n<\/ul>\n\n\n\n<h2 class=\"wp-block-heading\"><strong>\u00bfCu\u00e1nto texto?<\/strong><\/h2>\n\n\n\n<p><\/p>\n\n\n\n<p>Art\u00edculos de 1500-2000 palabras.<\/p>\n\n\n\n<h2 class=\"wp-block-heading\"><strong>\u00bfQu\u00e9 enlaces incluimos?<\/strong><\/h2>\n\n\n\n<ul class=\"wp-block-list\">\n<li>Publicamos art\u00edculos con enlaces nofollow de forma gratuita (1 enlace por art\u00edculo).<\/li>\n\n\n\n<li>Es posible publicar un art\u00edculo con 1 enlace dofollow de forma rec\u00edproca. Sin embargo, el tema del art\u00edculo, en este caso, debe discutirse con nosotros con m\u00e1s detalle; para ello, escriba a <a href=\"mailto:info@linkedhelper.com\" title=\"\">info@linkedhelper.com<\/a> con la nota \u201cwrite to blog\u201d en el asunto. Lea los detalles a continuaci\u00f3n. <\/li>\n<\/ul>\n\n\n\n<h2 class=\"wp-block-heading\"><strong>\u00bfDisponibilidad de im\u00e1genes?<\/strong><\/h2>\n\n\n\n<p><\/p>\n\n\n\n<p>S\u00ed, colocamos im\u00e1genes en el texto. Sin embargo, estas no deben ser im\u00e1genes de stock. Estaremos encantados de recibir infograf\u00edas preparadas previamente.<\/p>\n\n\n\n<h2 class=\"wp-block-heading\"><strong>Cu\u00e1les son las condiciones para la colocaci\u00f3n gratuita: el programa de &#8220;Intercambio&#8221;<\/strong><\/h2>\n\n\n\n<p><\/p>\n\n\n\n<p>Estamos dispuestos a colocar su art\u00edculo de forma gratuita con un enlace dofollow si, a cambio, usted coloca un enlace dofollow a nuestro sitio en su sitio (en un blog o en p\u00e1ginas internas) en un lugar que sea relevante para el tema. Tambi\u00e9n podemos insertar su enlace en un art\u00edculo ya existente en nuestro blog.<\/p>\n\n\n\n<h2 class=\"wp-block-heading\"><strong>Dicha colocaci\u00f3n es posible si:<\/strong><\/h2>\n\n\n\n<ul class=\"wp-block-list\">\n<li>su sitio tiene DR40+,<\/li>\n\n\n\n<li>su sitio no est\u00e1 bajo sanciones,<\/li>\n\n\n\n<li>tiene tr\u00e1fico org\u00e1nico &#8220;en vivo&#8221;,<\/li>\n\n\n\n<li>su perfil de enlaces es estable y no tiene baches pronunciados en el gr\u00e1fico,<\/li>\n\n\n\n<li>su sitio tiene el tr\u00e1fico principal de pa\u00edses de EE. UU., Europa, Am\u00e9rica Latina,<\/li>\n\n\n\n<li>prepara el art\u00edculo de acuerdo con el SLA anterior.<br><\/li>\n<\/ul>\n\n\n\n<p>Para discutir la colocaci\u00f3n de Intercambio, escriba a <a href=\"mailto:info@linkedhelper.com\">info@linkedhelper.com<\/a> con \u201cwrite to blog\u201d en el asunto.<\/p>\n","protected":false},"excerpt":{"rendered":"<p>\u00bfQu\u00e9 temas aceptamos? \u00bfCu\u00e1nto texto? Art\u00edculos de 1500-2000 palabras. \u00bfQu\u00e9 enlaces incluimos? \u00bfDisponibilidad de im\u00e1genes? S\u00ed, colocamos im\u00e1genes en el texto. Sin embargo, estas no deben ser im\u00e1genes de stock. Estaremos encantados de recibir infograf\u00edas preparadas previamente. Cu\u00e1les son las condiciones para la colocaci\u00f3n gratuita: el programa de &#8220;Intercambio&#8221; Estamos dispuestos a colocar su art\u00edculo &hellip;<\/p>\n<p class=\"read-more\"> <a class=\"\" href=\"https:\/\/www.linkedhelper.com\/blog\/es\/write-to-us\/\"> <span class=\"screen-reader-text\">Atraemos contenido \u00fatil a nuestro blog<\/span> Read More \u00bb<\/a><\/p>\n","protected":false},"author":14,"featured_media":0,"parent":0,"menu_order":0,"comment_status":"closed","ping_status":"closed","template":"","meta":{"site-sidebar-layout":"default","site-content-layout":"default","ast-global-header-display":"","ast-banner-title-visibility":"","ast-main-header-display":"","ast-hfb-above-header-display":"","ast-hfb-below-header-display":"","ast-hfb-mobile-header-display":"","site-post-title":"","ast-breadcrumbs-content":"","ast-featured-img":"","footer-sml-layout":"","theme-transparent-header-meta":"","adv-header-id-meta":"","stick-header-meta":"","header-above-stick-meta":"","header-main-stick-meta":"","header-below-stick-meta":"","_themeisle_gutenberg_block_has_review":false,"footnotes":""},"class_list":["post-27654","page","type-page","status-publish","hentry"],"aioseo_notices":[],"lang":"es","translations":{"es":27654,"en":6528,"fr":27651,"pt":27652,"de":27653},"pll_sync_post":[],"_links":{"self":[{"href":"https:\/\/www.linkedhelper.com\/blog\/wp-json\/wp\/v2\/pages\/27654","targetHints":{"allow":["GET"]}}],"collection":[{"href":"https:\/\/www.linkedhelper.com\/blog\/wp-json\/wp\/v2\/pages"}],"about":[{"href":"https:\/\/www.linkedhelper.com\/blog\/wp-json\/wp\/v2\/types\/page"}],"author":[{"embeddable":true,"href":"https:\/\/www.linkedhelper.com\/blog\/wp-json\/wp\/v2\/users\/14"}],"replies":[{"embeddable":true,"href":"https:\/\/www.linkedhelper.com\/blog\/wp-json\/wp\/v2\/comments?post=27654"}],"version-history":[{"count":1,"href":"https:\/\/www.linkedhelper.com\/blog\/wp-json\/wp\/v2\/pages\/27654\/revisions"}],"predecessor-version":[{"id":27670,"href":"https:\/\/www.linkedhelper.com\/blog\/wp-json\/wp\/v2\/pages\/27654\/revisions\/27670"}],"wp:attachment":[{"href":"https:\/\/www.linkedhelper.com\/blog\/wp-json\/wp\/v2\/media?parent=27654"}],"curies":[{"name":"wp","href":"https:\/\/api.w.org\/{rel}","templated":true}]}}